{"id":1275,"date":"2013-09-13T18:48:38","date_gmt":"2013-09-13T16:48:38","guid":{"rendered":"http:\/\/www.lagerfeuer-musik.de\/wordpress\/?page_id=1275"},"modified":"2013-09-13T18:49:52","modified_gmt":"2013-09-13T16:49:52","slug":"hey-dj","status":"publish","type":"page","link":"https:\/\/www.lagerfeuer-musik.de\/wordpress\/hey-dj\/","title":{"rendered":"Hey DJ"},"content":{"rendered":"<p style=\"text-align: left;\" align=\"CENTER\">wenn ich in die sonne guck und dabei sone indie-mucke h\u00f6r<br \/>\nobwohl so in-die-sonne-gucken-mucke eigentlich viel sch\u00f6ner w\u00e4r<br \/>\ndie sonne in die herzen bringt, wenn der chor in terzen singt<br \/>\nmach ich die indie-mucke aus, weil die nunmal nicht schwingt<\/p>\n<p style=\"text-align: left;\" align=\"LEFT\">ich leg ne platte auf, die wirft keinen schatten auf die laune<br \/>\ndann lege ich nen tacken drauf und staune<br \/>\nwie mucke aus den boxen r\u00f6hrt, brause aus&#8217;m fa\u00df bet\u00f6rt<br \/>\nund es gewaltig st\u00f6rt, wenn man dabei den bass nicht h\u00f6rt<\/p>\n<p style=\"text-align: left;\" align=\"LEFT\">hey dj, es ist klar, das es niemandem was bringt, wenn die mucke nicht stimmt<br \/>\nhey dj, es ist klar, das die kiste nicht schwingt, wenn die mucke nicht stimmt<br \/>\nhey dj, es ist klar, das niemandem was bringt, wenn die mucke nicht stimmt<br \/>\nhey dj, ich bin mal kurz an der bar und wenn ich wiederkomm mach ich die mucke klar<\/p>\n<p style=\"text-align: left;\" align=\"LEFT\">wenn ich so am d\u00f6sen bin und dabei sone b\u00f6se mucke h\u00f6r<br \/>\nobwohl so tiefentspannte d\u00f6sen-mucke eigentlich die l\u00f6sung w\u00e4r<br \/>\ndie sch\u00f6n gem\u00fctlich groovt, irgendwie so s\u00fcdlich smooth<br \/>\ndann mache ich die b\u00f6se mucke aus, weil die es grad nicht tut<\/p>\n<p style=\"text-align: left;\" align=\"LEFT\">ich schalt den player ein, da kommt bestimmt nicht slayer rein<br \/>\nvielleicht john mayer oder reggae oder h\u00e4nschenklein<br \/>\nirgendwas, das mich nicht stresst, also bestimmt kein jazz<br \/>\nweil sich zu so vielen, schnellen noten nicht gut d\u00f6sen l\u00e4sst<\/p>\n<p style=\"text-align: left;\" align=\"LEFT\">hey dj&#8230;&#8230;<\/p>\n<p style=\"text-align: left;\" align=\"LEFT\">ich sag euch nachmittags im gras macht heavy metal keinen spass<br \/>\nden neuen hip-hop-song am besten nicht im kindergarten testen<br \/>\ndisco funktioniert nur dann, wenn man auch dazu tanzen kann<br \/>\nund die moral von der geschicht: die falsche mucke bringt es nicht!<\/p>\n<p style=\"text-align: left;\" align=\"LEFT\">Hey dj&#8230;..<\/p>\n","protected":false},"excerpt":{"rendered":"<p>wenn ich in die sonne guck und dabei sone indie-mucke h\u00f6r obwohl so in-die-sonne-gucken-mucke eigentlich viel sch\u00f6ner w\u00e4r die sonne in die herzen bringt, wenn der chor in terzen singt<a href=\"https:\/\/www.lagerfeuer-musik.de\/wordpress\/hey-dj\/\" class=\"more-link\"><span class=\"readmore\">Continue reading<span class=\"screen-reader-text\">Hey DJ<\/span><\/span><\/a><\/p>\n","protected":false},"author":1,"featured_media":0,"parent":0,"menu_order":0,"comment_status":"closed","ping_status":"closed","template":"sidebar-page.php","meta":{"footnotes":""},"class_list":["post-1275","page","type-page","status-publish","hentry"],"yoast_head":"<!-- This site is optimized with the Yoast SEO plugin v27.6 - https:\/\/yoast.com\/product\/yoast-seo-wordpress\/ -->\n<title>Hey DJ - LAGERFEUER-TRIO<\/title>\n<meta name=\"robots\" content=\"index, follow, max-snippet:-1, max-image-preview:large, max-video-preview:-1\" \/>\n<link rel=\"canonical\" href=\"https:\/\/www.lagerfeuer-musik.de\/wordpress\/hey-dj\/\" \/>\n<meta property=\"og:locale\" content=\"de_DE\" \/>\n<meta property=\"og:type\" content=\"article\" \/>\n<meta property=\"og:title\" content=\"Hey DJ - LAGERFEUER-TRIO\" \/>\n<meta property=\"og:description\" content=\"wenn ich in die sonne guck und dabei sone indie-mucke h\u00f6r obwohl so in-die-sonne-gucken-mucke eigentlich viel sch\u00f6ner w\u00e4r die sonne in die herzen bringt, wenn der chor in terzen singtContinue readingHey DJ\" \/>\n<meta property=\"og:url\" content=\"https:\/\/www.lagerfeuer-musik.de\/wordpress\/hey-dj\/\" \/>\n<meta property=\"og:site_name\" content=\"LAGERFEUER-TRIO\" \/>\n<meta property=\"article:publisher\" content=\"https:\/\/www.facebook.com\/lagerfeuertrio\" \/>\n<meta property=\"article:modified_time\" content=\"2013-09-13T16:49:52+00:00\" \/>\n<meta name=\"twitter:card\" content=\"summary_large_image\" \/>\n<meta name=\"twitter:site\" content=\"@Lagerfeuer74309\" \/>\n<meta name=\"twitter:label1\" content=\"Gesch\u00e4tzte Lesezeit\" \/>\n\t<meta name=\"twitter:data1\" content=\"1\u00a0Minute\" \/>\n<script type=\"application\/ld+json\" class=\"yoast-schema-graph\">{\"@context\":\"https:\\\/\\\/schema.org\",\"@graph\":[{\"@type\":\"WebPage\",\"@id\":\"https:\\\/\\\/www.lagerfeuer-musik.de\\\/wordpress\\\/hey-dj\\\/\",\"url\":\"https:\\\/\\\/www.lagerfeuer-musik.de\\\/wordpress\\\/hey-dj\\\/\",\"name\":\"Hey DJ - LAGERFEUER-TRIO\",\"isPartOf\":{\"@id\":\"https:\\\/\\\/www.lagerfeuer-musik.de\\\/wordpress\\\/#website\"},\"datePublished\":\"2013-09-13T16:48:38+00:00\",\"dateModified\":\"2013-09-13T16:49:52+00:00\",\"breadcrumb\":{\"@id\":\"https:\\\/\\\/www.lagerfeuer-musik.de\\\/wordpress\\\/hey-dj\\\/#breadcrumb\"},\"inLanguage\":\"de\",\"potentialAction\":[{\"@type\":\"ReadAction\",\"target\":[\"https:\\\/\\\/www.lagerfeuer-musik.de\\\/wordpress\\\/hey-dj\\\/\"]}]},{\"@type\":\"BreadcrumbList\",\"@id\":\"https:\\\/\\\/www.lagerfeuer-musik.de\\\/wordpress\\\/hey-dj\\\/#breadcrumb\",\"itemListElement\":[{\"@type\":\"ListItem\",\"position\":1,\"name\":\"Startseite\",\"item\":\"https:\\\/\\\/www.lagerfeuer-musik.de\\\/wordpress\\\/\"},{\"@type\":\"ListItem\",\"position\":2,\"name\":\"Hey DJ\"}]},{\"@type\":\"WebSite\",\"@id\":\"https:\\\/\\\/www.lagerfeuer-musik.de\\\/wordpress\\\/#website\",\"url\":\"https:\\\/\\\/www.lagerfeuer-musik.de\\\/wordpress\\\/\",\"name\":\"LAGERFEUER-TRIO\",\"description\":\"da brennt die H\u00fctte\",\"publisher\":{\"@id\":\"https:\\\/\\\/www.lagerfeuer-musik.de\\\/wordpress\\\/#organization\"},\"potentialAction\":[{\"@type\":\"SearchAction\",\"target\":{\"@type\":\"EntryPoint\",\"urlTemplate\":\"https:\\\/\\\/www.lagerfeuer-musik.de\\\/wordpress\\\/?s={search_term_string}\"},\"query-input\":{\"@type\":\"PropertyValueSpecification\",\"valueRequired\":true,\"valueName\":\"search_term_string\"}}],\"inLanguage\":\"de\"},{\"@type\":\"Organization\",\"@id\":\"https:\\\/\\\/www.lagerfeuer-musik.de\\\/wordpress\\\/#organization\",\"name\":\"LAGERFEUER-TRIO\",\"url\":\"https:\\\/\\\/www.lagerfeuer-musik.de\\\/wordpress\\\/\",\"logo\":{\"@type\":\"ImageObject\",\"inLanguage\":\"de\",\"@id\":\"https:\\\/\\\/www.lagerfeuer-musik.de\\\/wordpress\\\/#\\\/schema\\\/logo\\\/image\\\/\",\"url\":\"https:\\\/\\\/www.lagerfeuer-musik.de\\\/wordpress\\\/wp-content\\\/uploads\\\/2023\\\/11\\\/cropped-LOGONEU.png\",\"contentUrl\":\"https:\\\/\\\/www.lagerfeuer-musik.de\\\/wordpress\\\/wp-content\\\/uploads\\\/2023\\\/11\\\/cropped-LOGONEU.png\",\"width\":1158,\"height\":381,\"caption\":\"LAGERFEUER-TRIO\"},\"image\":{\"@id\":\"https:\\\/\\\/www.lagerfeuer-musik.de\\\/wordpress\\\/#\\\/schema\\\/logo\\\/image\\\/\"},\"sameAs\":[\"https:\\\/\\\/www.facebook.com\\\/lagerfeuertrio\",\"https:\\\/\\\/x.com\\\/Lagerfeuer74309\",\"https:\\\/\\\/www.instagram.com\\\/lagerfeuertrio\\\/\",\"https:\\\/\\\/www.linkedin.com\\\/in\\\/lagerfeuer-trio-aachen\\\/\"]}]}<\/script>\n<!-- \/ Yoast SEO plugin. -->","yoast_head_json":{"title":"Hey DJ - LAGERFEUER-TRIO","robots":{"index":"index","follow":"follow","max-snippet":"max-snippet:-1","max-image-preview":"max-image-preview:large","max-video-preview":"max-video-preview:-1"},"canonical":"https:\/\/www.lagerfeuer-musik.de\/wordpress\/hey-dj\/","og_locale":"de_DE","og_type":"article","og_title":"Hey DJ - LAGERFEUER-TRIO","og_description":"wenn ich in die sonne guck und dabei sone indie-mucke h\u00f6r obwohl so in-die-sonne-gucken-mucke eigentlich viel sch\u00f6ner w\u00e4r die sonne in die herzen bringt, wenn der chor in terzen singtContinue readingHey DJ","og_url":"https:\/\/www.lagerfeuer-musik.de\/wordpress\/hey-dj\/","og_site_name":"LAGERFEUER-TRIO","article_publisher":"https:\/\/www.facebook.com\/lagerfeuertrio","article_modified_time":"2013-09-13T16:49:52+00:00","twitter_card":"summary_large_image","twitter_site":"@Lagerfeuer74309","twitter_misc":{"Gesch\u00e4tzte Lesezeit":"1\u00a0Minute"},"schema":{"@context":"https:\/\/schema.org","@graph":[{"@type":"WebPage","@id":"https:\/\/www.lagerfeuer-musik.de\/wordpress\/hey-dj\/","url":"https:\/\/www.lagerfeuer-musik.de\/wordpress\/hey-dj\/","name":"Hey DJ - LAGERFEUER-TRIO","isPartOf":{"@id":"https:\/\/www.lagerfeuer-musik.de\/wordpress\/#website"},"datePublished":"2013-09-13T16:48:38+00:00","dateModified":"2013-09-13T16:49:52+00:00","breadcrumb":{"@id":"https:\/\/www.lagerfeuer-musik.de\/wordpress\/hey-dj\/#breadcrumb"},"inLanguage":"de","potentialAction":[{"@type":"ReadAction","target":["https:\/\/www.lagerfeuer-musik.de\/wordpress\/hey-dj\/"]}]},{"@type":"BreadcrumbList","@id":"https:\/\/www.lagerfeuer-musik.de\/wordpress\/hey-dj\/#breadcrumb","itemListElement":[{"@type":"ListItem","position":1,"name":"Startseite","item":"https:\/\/www.lagerfeuer-musik.de\/wordpress\/"},{"@type":"ListItem","position":2,"name":"Hey DJ"}]},{"@type":"WebSite","@id":"https:\/\/www.lagerfeuer-musik.de\/wordpress\/#website","url":"https:\/\/www.lagerfeuer-musik.de\/wordpress\/","name":"LAGERFEUER-TRIO","description":"da brennt die H\u00fctte","publisher":{"@id":"https:\/\/www.lagerfeuer-musik.de\/wordpress\/#organization"},"potentialAction":[{"@type":"SearchAction","target":{"@type":"EntryPoint","urlTemplate":"https:\/\/www.lagerfeuer-musik.de\/wordpress\/?s={search_term_string}"},"query-input":{"@type":"PropertyValueSpecification","valueRequired":true,"valueName":"search_term_string"}}],"inLanguage":"de"},{"@type":"Organization","@id":"https:\/\/www.lagerfeuer-musik.de\/wordpress\/#organization","name":"LAGERFEUER-TRIO","url":"https:\/\/www.lagerfeuer-musik.de\/wordpress\/","logo":{"@type":"ImageObject","inLanguage":"de","@id":"https:\/\/www.lagerfeuer-musik.de\/wordpress\/#\/schema\/logo\/image\/","url":"https:\/\/www.lagerfeuer-musik.de\/wordpress\/wp-content\/uploads\/2023\/11\/cropped-LOGONEU.png","contentUrl":"https:\/\/www.lagerfeuer-musik.de\/wordpress\/wp-content\/uploads\/2023\/11\/cropped-LOGONEU.png","width":1158,"height":381,"caption":"LAGERFEUER-TRIO"},"image":{"@id":"https:\/\/www.lagerfeuer-musik.de\/wordpress\/#\/schema\/logo\/image\/"},"sameAs":["https:\/\/www.facebook.com\/lagerfeuertrio","https:\/\/x.com\/Lagerfeuer74309","https:\/\/www.instagram.com\/lagerfeuertrio\/","https:\/\/www.linkedin.com\/in\/lagerfeuer-trio-aachen\/"]}]}},"_links":{"self":[{"href":"https:\/\/www.lagerfeuer-musik.de\/wordpress\/wp-json\/wp\/v2\/pages\/1275","targetHints":{"allow":["GET"]}}],"collection":[{"href":"https:\/\/www.lagerfeuer-musik.de\/wordpress\/wp-json\/wp\/v2\/pages"}],"about":[{"href":"https:\/\/www.lagerfeuer-musik.de\/wordpress\/wp-json\/wp\/v2\/types\/page"}],"author":[{"embeddable":true,"href":"https:\/\/www.lagerfeuer-musik.de\/wordpress\/wp-json\/wp\/v2\/users\/1"}],"replies":[{"embeddable":true,"href":"https:\/\/www.lagerfeuer-musik.de\/wordpress\/wp-json\/wp\/v2\/comments?post=1275"}],"version-history":[{"count":3,"href":"https:\/\/www.lagerfeuer-musik.de\/wordpress\/wp-json\/wp\/v2\/pages\/1275\/revisions"}],"predecessor-version":[{"id":1279,"href":"https:\/\/www.lagerfeuer-musik.de\/wordpress\/wp-json\/wp\/v2\/pages\/1275\/revisions\/1279"}],"wp:attachment":[{"href":"https:\/\/www.lagerfeuer-musik.de\/wordpress\/wp-json\/wp\/v2\/media?parent=1275"}],"curies":[{"name":"wp","href":"https:\/\/api.w.org\/{rel}","templated":true}]}}